{"id":7908,"date":"2025-03-21T18:36:56","date_gmt":"2025-03-21T17:36:56","guid":{"rendered":"https:\/\/butterfly-editions.com\/?page_id=7908"},"modified":"2025-03-29T11:53:56","modified_gmt":"2025-03-29T10:53:56","slug":"contact-librairies","status":"publish","type":"page","link":"https:\/\/butterfly-editions.com\/index.php\/contact-librairies\/","title":{"rendered":"Contact Librairies"},"content":{"rendered":"\n<p><\/p>\n\n\n\n<p><\/p>\n\n\n\n<div class=\"wpcf7 no-js\" id=\"wpcf7-f7907-o1\" lang=\"fr-FR\" dir=\"ltr\" data-wpcf7-id=\"7907\">\n<div class=\"screen-reader-response\"><p role=\"status\" aria-live=\"polite\" aria-atomic=\"true\"><\/p> <ul><\/ul><\/div>\n<form action=\"\/index.php\/wp-json\/wp\/v2\/pages\/7908#wpcf7-f7907-o1\" method=\"post\" class=\"wpcf7-form init\" aria-label=\"Formulaire de contact\" novalidate=\"novalidate\" data-status=\"init\">\n<fieldset class=\"hidden-fields-container\"><input type=\"hidden\" name=\"_wpcf7\" value=\"7907\" \/><input type=\"hidden\" name=\"_wpcf7_version\" value=\"6.1.5\" \/><input type=\"hidden\" name=\"_wpcf7_locale\" value=\"fr_FR\" \/><input type=\"hidden\" name=\"_wpcf7_unit_tag\" value=\"wpcf7-f7907-o1\" \/><input type=\"hidden\" name=\"_wpcf7_container_post\" value=\"0\" \/><input type=\"hidden\" name=\"_wpcf7_posted_data_hash\" value=\"\" \/><input type=\"hidden\" name=\"_wpcf7_recaptcha_response\" value=\"\" \/>\n<\/fieldset>\n<p> Si vous souhaitez que nous prenions contact ult\u00e9rieurement avec vous, c\u2019est le moment de poser votre question !\n<\/p>\n<p> Vous pouvez aussi laisser vos coordonn\u00e9es pour recevoir les toutes derni\u00e8res information sur nos sorties !\n<\/p>\n<p><span class=\"wpcf7-form-control-wrap\" data-name=\"presentation\"><textarea cols=\"40\" rows=\"10\" maxlength=\"2000\" class=\"wpcf7-form-control wpcf7-textarea wpcf7-validates-as-required\" aria-required=\"true\" aria-invalid=\"false\" name=\"presentation\"><\/textarea><\/span>\n<\/p>\n<p>Indiquez-nous votre email :\n<\/p>\n<p><span class=\"wpcf7-form-control-wrap\" data-name=\"Textyourmail\"><input size=\"40\" maxlength=\"400\" class=\"wpcf7-form-control wpcf7-email wpcf7-validates-as-required wpcf7-text wpcf7-validates-as-email\" aria-required=\"true\" aria-invalid=\"false\" value=\"\" type=\"email\" name=\"Textyourmail\" \/><\/span>\n<\/p>\n<p>Nom pr\u00e9nom ou Soci\u00e9t\u00e9 :\n<\/p>\n<p><span class=\"wpcf7-form-control-wrap\" data-name=\"TextyourCname\"><input size=\"40\" maxlength=\"400\" class=\"wpcf7-form-control wpcf7-text wpcf7-validates-as-required\" aria-required=\"true\" aria-invalid=\"false\" value=\"\" type=\"text\" name=\"TextyourCname\" \/><\/span>\n<\/p>\n<p>Indiquez-nous votre addresse :\n<\/p>\n<p><span class=\"wpcf7-form-control-wrap\" data-name=\"Textyourrmail\"><input size=\"40\" maxlength=\"400\" class=\"wpcf7-form-control wpcf7-text wpcf7-validates-as-required\" aria-required=\"true\" aria-invalid=\"false\" value=\"\" type=\"text\" name=\"Textyourrmail\" \/><\/span>\n<\/p>\n<p><input class=\"wpcf7-form-control wpcf7-submit has-spinner\" type=\"submit\" value=\"Envoyer\" \/>\n<\/p><p style=\"display: none !important;\" class=\"akismet-fields-container\" data-prefix=\"_wpcf7_ak_\"><label>&#916;<textarea name=\"_wpcf7_ak_hp_textarea\" cols=\"45\" rows=\"8\" maxlength=\"100\"><\/textarea><\/label><input type=\"hidden\" id=\"ak_js_1\" name=\"_wpcf7_ak_js\" value=\"105\"\/><script>document.getElementById( \"ak_js_1\" ).setAttribute( \"value\", ( new Date() ).getTime() );<\/script><\/p><div class=\"wpcf7-response-output\" aria-hidden=\"true\"><\/div>\n<\/form>\n<\/div>\n\n\n\n\n<p><\/p>\n","protected":false},"excerpt":{"rendered":"","protected":false},"author":1,"featured_media":0,"parent":0,"menu_order":0,"comment_status":"closed","ping_status":"closed","template":"","meta":{"_acf_changed":false,"content-type":"","footnotes":""},"class_list":["post-7908","page","type-page","status-publish","hentry"],"blocksy_meta":[],"acf":[],"aioseo_notices":[],"_links":{"self":[{"href":"https:\/\/butterfly-editions.com\/index.php\/wp-json\/wp\/v2\/pages\/7908","targetHints":{"allow":["GET"]}}],"collection":[{"href":"https:\/\/butterfly-editions.com\/index.php\/wp-json\/wp\/v2\/pages"}],"about":[{"href":"https:\/\/butterfly-editions.com\/index.php\/wp-json\/wp\/v2\/types\/page"}],"author":[{"embeddable":true,"href":"https:\/\/butterfly-editions.com\/index.php\/wp-json\/wp\/v2\/users\/1"}],"replies":[{"embeddable":true,"href":"https:\/\/butterfly-editions.com\/index.php\/wp-json\/wp\/v2\/comments?post=7908"}],"version-history":[{"count":4,"href":"https:\/\/butterfly-editions.com\/index.php\/wp-json\/wp\/v2\/pages\/7908\/revisions"}],"predecessor-version":[{"id":7972,"href":"https:\/\/butterfly-editions.com\/index.php\/wp-json\/wp\/v2\/pages\/7908\/revisions\/7972"}],"wp:attachment":[{"href":"https:\/\/butterfly-editions.com\/index.php\/wp-json\/wp\/v2\/media?parent=7908"}],"curies":[{"name":"wp","href":"https:\/\/api.w.org\/{rel}","templated":true}]}}