{"id":7060,"date":"2024-10-15T10:46:27","date_gmt":"2024-10-15T09:46:27","guid":{"rendered":"https:\/\/butterfly-editions.com\/?page_id=7060"},"modified":"2025-02-28T18:26:06","modified_gmt":"2025-02-28T17:26:06","slug":"partenaires-2025","status":"publish","type":"page","link":"https:\/\/butterfly-editions.com\/index.php\/partenariat\/partenaires-2025\/","title":{"rendered":"Partenaires 2025"},"content":{"rendered":"\n<p>Bonjour \u00e0 tous et \u00e0 toutes, <\/p>\n\n\n\n<p>Les candidatures pour les partenariats 2025 sont officiellement closes ! Bonne chance \u00e0 celles et ceux qui auront tent\u00e9 leur chance et \u00e0 l&rsquo;ann\u00e9e prochaine ! <\/p>\n\n\n\n<p>La team BE<\/p>\n\n\n\n<div class=\"wpcf7 no-js\" id=\"wpcf7-f7754-o1\" lang=\"fr-FR\" dir=\"ltr\" data-wpcf7-id=\"7754\">\n<div class=\"screen-reader-response\"><p role=\"status\" aria-live=\"polite\" aria-atomic=\"true\"><\/p> <ul><\/ul><\/div>\n<form action=\"\/index.php\/wp-json\/wp\/v2\/pages\/7060#wpcf7-f7754-o1\" method=\"post\" class=\"wpcf7-form init\" aria-label=\"Formulaire de contact\" novalidate=\"novalidate\" data-status=\"init\">\n<fieldset class=\"hidden-fields-container\"><input type=\"hidden\" name=\"_wpcf7\" value=\"7754\" \/><input type=\"hidden\" name=\"_wpcf7_version\" value=\"6.1.5\" \/><input type=\"hidden\" name=\"_wpcf7_locale\" value=\"fr_FR\" \/><input type=\"hidden\" name=\"_wpcf7_unit_tag\" value=\"wpcf7-f7754-o1\" \/><input type=\"hidden\" name=\"_wpcf7_container_post\" value=\"0\" \/><input type=\"hidden\" name=\"_wpcf7_posted_data_hash\" value=\"\" \/><input type=\"hidden\" name=\"_wpcf7_recaptcha_response\" value=\"\" \/>\n<\/fieldset>\n<p> Si vous souhaitez que nous prenions contact ult\u00e9rieurement avec vous, c\u2019est le moment de vous pr\u00e9senter !\n<\/p>\n<p><span class=\"wpcf7-form-control-wrap\" data-name=\"presentation\"><textarea cols=\"40\" rows=\"10\" maxlength=\"2000\" class=\"wpcf7-form-control wpcf7-textarea wpcf7-validates-as-required\" aria-required=\"true\" aria-invalid=\"false\" name=\"presentation\"><\/textarea><\/span>\n<\/p>\n<p>Indiquez-nous votre email :\n<\/p>\n<p><span class=\"wpcf7-form-control-wrap\" data-name=\"Textyourmail\"><input size=\"40\" maxlength=\"400\" class=\"wpcf7-form-control wpcf7-email wpcf7-validates-as-required wpcf7-text wpcf7-validates-as-email\" aria-required=\"true\" aria-invalid=\"false\" value=\"\" type=\"email\" name=\"Textyourmail\" \/><\/span>\n<\/p>\n<p>Lien de votre blog litt\u00e9raire si vous en avez un ?\n<\/p>\n<p><span class=\"wpcf7-form-control-wrap\" data-name=\"Textyourblog\"><input size=\"40\" maxlength=\"400\" class=\"wpcf7-form-control wpcf7-text\" aria-invalid=\"false\" value=\"\" type=\"text\" name=\"Textyourblog\" \/><\/span>\n<\/p>\n<p>Pr\u00e9sent sur Facebook ? Si oui indiquez-nous votre pseudo et le nombre de vos abonn\u00e9s\n<\/p>\n<p><span class=\"wpcf7-form-control-wrap\" data-name=\"Textyourpseudofacebook\"><input size=\"40\" maxlength=\"400\" class=\"wpcf7-form-control wpcf7-text\" aria-invalid=\"false\" value=\"\" type=\"text\" name=\"Textyourpseudofacebook\" \/><\/span>\n<\/p>\n<p>Pr\u00e9sent sur Instagram ? Si oui indiquez-nous votre pseudo et le nombre de vos abonn\u00e9s\n<\/p>\n<p><span class=\"wpcf7-form-control-wrap\" data-name=\"Textyourpseudoinstagram\"><input size=\"40\" maxlength=\"400\" class=\"wpcf7-form-control wpcf7-text\" aria-invalid=\"false\" value=\"\" type=\"text\" name=\"Textyourpseudoinstagram\" \/><\/span>\n<\/p>\n<p>Pr\u00e9sent sur Twitter ? Si oui indiquez-nous votre pseudo et le nombre de vos abonn\u00e9s\n<\/p>\n<p><span class=\"wpcf7-form-control-wrap\" data-name=\"Textyourpseudotwitter\"><input size=\"40\" maxlength=\"400\" class=\"wpcf7-form-control wpcf7-text\" aria-invalid=\"false\" value=\"\" type=\"text\" name=\"Textyourpseudotwitter\" \/><\/span>\n<\/p>\n<p>Pr\u00e9sent sur TikTok ? Si oui indiquez-nous votre pseudo et le nombre de vos abonn\u00e9s\n<\/p>\n<p><span class=\"wpcf7-form-control-wrap\" data-name=\"Textyourpseudotiktok\"><input size=\"40\" maxlength=\"400\" class=\"wpcf7-form-control wpcf7-text\" aria-invalid=\"false\" value=\"\" type=\"text\" name=\"Textyourpseudotiktok\" \/><\/span>\n<\/p>\n<p><input class=\"wpcf7-form-control wpcf7-submit has-spinner\" type=\"submit\" value=\"Envoyer\" \/>\n<\/p><p style=\"display: none !important;\" class=\"akismet-fields-container\" data-prefix=\"_wpcf7_ak_\"><label>&#916;<textarea name=\"_wpcf7_ak_hp_textarea\" cols=\"45\" rows=\"8\" maxlength=\"100\"><\/textarea><\/label><input type=\"hidden\" id=\"ak_js_1\" name=\"_wpcf7_ak_js\" value=\"61\"\/><script>document.getElementById( \"ak_js_1\" ).setAttribute( \"value\", ( new Date() ).getTime() );<\/script><\/p><div class=\"wpcf7-response-output\" aria-hidden=\"true\"><\/div>\n<\/form>\n<\/div>\n\n","protected":false},"excerpt":{"rendered":"<p>Bonjour \u00e0 tous et \u00e0 toutes, Les candidatures pour les partenariats 2025 sont officiellement closes ! Bonne chance \u00e0 celles et ceux qui auront tent\u00e9 leur chance et \u00e0 l&rsquo;ann\u00e9e prochaine ! La team BE<\/p>\n","protected":false},"author":4,"featured_media":0,"parent":2228,"menu_order":0,"comment_status":"closed","ping_status":"closed","template":"","meta":{"_acf_changed":false,"content-type":"","footnotes":""},"class_list":["post-7060","page","type-page","status-publish","hentry"],"blocksy_meta":[],"acf":[],"aioseo_notices":[],"_links":{"self":[{"href":"https:\/\/butterfly-editions.com\/index.php\/wp-json\/wp\/v2\/pages\/7060","targetHints":{"allow":["GET"]}}],"collection":[{"href":"https:\/\/butterfly-editions.com\/index.php\/wp-json\/wp\/v2\/pages"}],"about":[{"href":"https:\/\/butterfly-editions.com\/index.php\/wp-json\/wp\/v2\/types\/page"}],"author":[{"embeddable":true,"href":"https:\/\/butterfly-editions.com\/index.php\/wp-json\/wp\/v2\/users\/4"}],"replies":[{"embeddable":true,"href":"https:\/\/butterfly-editions.com\/index.php\/wp-json\/wp\/v2\/comments?post=7060"}],"version-history":[{"count":6,"href":"https:\/\/butterfly-editions.com\/index.php\/wp-json\/wp\/v2\/pages\/7060\/revisions"}],"predecessor-version":[{"id":7755,"href":"https:\/\/butterfly-editions.com\/index.php\/wp-json\/wp\/v2\/pages\/7060\/revisions\/7755"}],"up":[{"embeddable":true,"href":"https:\/\/butterfly-editions.com\/index.php\/wp-json\/wp\/v2\/pages\/2228"}],"wp:attachment":[{"href":"https:\/\/butterfly-editions.com\/index.php\/wp-json\/wp\/v2\/media?parent=7060"}],"curies":[{"name":"wp","href":"https:\/\/api.w.org\/{rel}","templated":true}]}}