{"id":26,"date":"2016-04-03T22:56:00","date_gmt":"2016-04-03T21:56:00","guid":{"rendered":"http:\/\/butterfly-editions.com\/?page_id=26"},"modified":"2026-02-02T15:10:48","modified_gmt":"2026-02-02T14:10:48","slug":"manuscrit","status":"publish","type":"page","link":"https:\/\/butterfly-editions.com\/index.php\/manuscrit\/","title":{"rendered":"Soumettre un Manuscrit"},"content":{"rendered":"<p><u>Vous souhaitez nous envoyer votre manuscrit et rejoindre les auteures Butterfly ? Voici la d\u00e9marche \u00e0 suivre :<\/u><\/p>\n<ul>\n<li>\u00c0 l\u2019heure actuelle, nous publions exclusivement de la romance (romance contemporaine, dark romance, young adult, romance \u00e0 suspense, romantasy, rom-com\u2026). Ainsi, les manuscrits d\u2019autres genres ne seront pas \u00e9tudi\u00e9s. Aucune nouvelle, aucun essai ou-et recueil de po\u00e9sie, quel que soit le genre, ne sera \u00e9tudi\u00e9.<\/li>\n<li>Votre roman doit \u00eatre achev\u00e9, nous n\u2019acceptons pas les manuscrits en cours. Si vous envisagez plusieurs tomes, nous n\u2019\u00e9tudierons votre projet que si tous les tomes sont envoy\u00e9s en m\u00eame temps.<\/li>\n<li>Nous \u00e9tudions uniquement les romans compris entre 50 000 et 130 000 mots, avec une marge de plus ou moins 10%.<\/li>\n<li>Votre manuscrit doit \u00eatre justifi\u00e9, police arial ou times new roman, taille 12, interligne double.<\/li>\n<li>Un r\u00e9sum\u00e9 d\u2019une quinzaine de lignes, ainsi qu\u2019un synospis plus d\u00e9taill\u00e9 (avec la fin de l\u2019histoire) devront \u00eatre fournis. Une pr\u00e9sentation personnelle vous concernant sera appr\u00e9ci\u00e9e.<\/li>\n<li>N\u2019oubliez pas de laisser vos coordonn\u00e9es sur le manuscrit (nom, pr\u00e9nom, num\u00e9ro de t\u00e9l\u00e9phone, adresse mail).<\/li>\n<\/ul>\n<p><em>Afin de donner le maximum de chances \u00e0 votre roman, nous vous conseillons de faire une relecture avant soumission afin de corriger le maximum d\u2019erreurs et \u00e9ventuellement certaines incoh\u00e9rences. <\/em><\/p>\n<p>Le d\u00e9lai de traitement des manuscrits \u00e9tant de six mois maximum, merci \u00e0 vous de ne pas nous relancer, cela irrite nos gentilles f\u00e9es du comit\u00e9 de lecture qui ont d\u00e9j\u00e0 beaucoup \u00e0 faire avec les nombreuses soumissions re\u00e7ues.<\/p>\n<p>En cas de non-r\u00e9ponse de notre part au bout de ce d\u00e9lai, consid\u00e9rez que votre roman n\u2019a pas \u00e9t\u00e9 retenu. Cela ne veut pas dire qu\u2019il n\u2019aura pas ses chances ailleurs\u00a0! Peut-\u00eatre, d\u2019ailleurs, sera-t-il retenu par l\u2019un de nos confr\u00e8res\u2026<\/p>\n<p>Nous vous remercions par avance pour l\u2019attention que vous portez \u00e0 notre maison d\u2019\u00e9dition.<\/p>\n\n<div class=\"wpcf7 no-js\" id=\"wpcf7-f10238-o1\" lang=\"fr-FR\" dir=\"ltr\" data-wpcf7-id=\"10238\">\n<div class=\"screen-reader-response\"><p role=\"status\" aria-live=\"polite\" aria-atomic=\"true\"><\/p> <ul><\/ul><\/div>\n<form action=\"\/index.php\/wp-json\/wp\/v2\/pages\/26#wpcf7-f10238-o1\" method=\"post\" class=\"wpcf7-form init\" aria-label=\"Formulaire de contact\" enctype=\"multipart\/form-data\" novalidate=\"novalidate\" data-status=\"init\">\n<fieldset class=\"hidden-fields-container\"><input type=\"hidden\" name=\"_wpcf7\" value=\"10238\" \/><input type=\"hidden\" name=\"_wpcf7_version\" value=\"6.1.5\" \/><input type=\"hidden\" name=\"_wpcf7_locale\" value=\"fr_FR\" \/><input type=\"hidden\" name=\"_wpcf7_unit_tag\" value=\"wpcf7-f10238-o1\" \/><input type=\"hidden\" name=\"_wpcf7_container_post\" value=\"0\" \/><input type=\"hidden\" name=\"_wpcf7_posted_data_hash\" value=\"\" \/><input type=\"hidden\" name=\"_wpcf7_recaptcha_response\" value=\"\" \/>\n<\/fieldset>\n<p>Votre pr\u00e9nom et nom<span style=\"color:red\">*<\/span>\n<\/p>\n<p><span class=\"wpcf7-form-control-wrap\" data-name=\"your-name\"><input size=\"40\" maxlength=\"400\" class=\"wpcf7-form-control wpcf7-text wpcf7-validates-as-required\" aria-required=\"true\" aria-invalid=\"false\" value=\"\" type=\"text\" name=\"your-name\" \/><\/span>\n<\/p>\n<p>Adresse e-mail <span style=\"color:red\">*<\/span>\n<\/p>\n<p><span class=\"wpcf7-form-control-wrap\" data-name=\"your-email\"><input size=\"40\" maxlength=\"400\" class=\"wpcf7-form-control wpcf7-email wpcf7-validates-as-required wpcf7-text wpcf7-validates-as-email\" aria-required=\"true\" aria-invalid=\"false\" value=\"\" type=\"email\" name=\"your-email\" \/><\/span>\n<\/p>\n<p>Quel est le titre de votre manuscrit ?<span style=\"color:red\">*<\/span>\n<\/p>\n<p><span class=\"wpcf7-form-control-wrap\" data-name=\"your-title\"><input size=\"40\" maxlength=\"400\" class=\"wpcf7-form-control wpcf7-text wpcf7-validates-as-required\" aria-required=\"true\" aria-invalid=\"false\" value=\"\" type=\"text\" name=\"your-title\" \/><\/span>\n<\/p>\n<p>Pr\u00e9sentez-vous en quelques lignes (parcours, \u00e9criture, projets pr\u00e9c\u00e9dents, publications \u00e9ventuelles\u2026)\n<\/p>\n<p><span class=\"wpcf7-form-control-wrap\" data-name=\"your-profile\"><textarea cols=\"40\" rows=\"10\" maxlength=\"2000\" class=\"wpcf7-form-control wpcf7-textarea\" aria-invalid=\"false\" name=\"your-profile\"><\/textarea><\/span>\n<\/p>\n<p>\u00c0 quel genre associeriez vous votre oeuvre ?<span style=\"color:red\">*<\/span>\n<\/p>\n<p><span class=\"wpcf7-form-control-wrap\" data-name=\"select-469\"><select class=\"wpcf7-form-control wpcf7-select wpcf7-validates-as-required\" aria-required=\"true\" aria-invalid=\"false\" name=\"select-469\"><option value=\"---\">---<\/option><option value=\"Romance Contemporaine\">Romance Contemporaine<\/option><option value=\"Romantasy\">Romantasy<\/option><option value=\"Rom-Com\">Rom-Com<\/option><option value=\"Romance Sombre\">Romance Sombre<\/option><option value=\"Dark Romance\">Dark Romance<\/option><option value=\"Romance de No\u00ebl\">Romance de No\u00ebl<\/option><option value=\"Young Adult\">Young Adult<\/option><\/select><\/span>\n<\/p>\n<p>Quels seraient les principaux tropes que vous relieriez \u00e0 votre histoire ?<span style=\"color:red\">*<\/span>\n<\/p>\n<p><span class=\"wpcf7-form-control-wrap\" data-name=\"tropes\"><input size=\"40\" maxlength=\"400\" class=\"wpcf7-form-control wpcf7-text wpcf7-validates-as-required\" aria-required=\"true\" aria-invalid=\"false\" value=\"\" type=\"text\" name=\"tropes\" \/><\/span>\n<\/p>\n<p>Merci de pr\u00e9ciser le nombre de mots (approximatif) de votre manuscrit :<span style=\"color:red\">*<\/span>\n<\/p>\n<p><span class=\"wpcf7-form-control-wrap\" data-name=\"number-544\"><input class=\"wpcf7-form-control wpcf7-number wpcf7-validates-as-required wpcf7-validates-as-number\" aria-required=\"true\" aria-invalid=\"false\" value=\"\" type=\"number\" name=\"number-544\" \/><\/span>\n<\/p>\n<p>Merci de joindre le synopsis complet de l\u2019ouvrage :<br \/>\n(Pr\u00e9sentation claire de l\u2019intrigue, des personnages principaux et de l\u2019arc narratif, n'h\u00e9sitez pas \u00e0 nous d\u00e9voiler les retournements de situation et \u00e0 d\u00e9tailler la fin)\n<\/p>\n<p><span class=\"wpcf7-form-control-wrap\" data-name=\"your-synopsis\"><textarea cols=\"40\" rows=\"10\" maxlength=\"2000\" class=\"wpcf7-form-control wpcf7-textarea wpcf7-validates-as-required\" aria-required=\"true\" aria-invalid=\"false\" name=\"your-synopsis\"><\/textarea><\/span>\n<\/p>\n<p>Pr\u00e9sentez-nous un r\u00e9sum\u00e9 type quatri\u00e8me de couverture de votre roman :\n<\/p>\n<p><span class=\"wpcf7-form-control-wrap\" data-name=\"resumequidonneenvie\"><textarea cols=\"40\" rows=\"10\" maxlength=\"2000\" class=\"wpcf7-form-control wpcf7-textarea wpcf7-validates-as-required\" aria-required=\"true\" aria-invalid=\"false\" name=\"resumequidonneenvie\"><\/textarea><\/span>\n<\/p>\n<p>Ce manuscrit a-t-il d\u00e9j\u00e0 fait l\u2019objet d\u2019un contrat d\u2019\u00e9dition ou auto-\u00e9dit\u00e9 ?<span style=\"color:red\">*<\/span>\n<\/p>\n<p><span class=\"wpcf7-form-control-wrap\" data-name=\"radio-677\"><span class=\"wpcf7-form-control wpcf7-radio\"><span class=\"wpcf7-list-item first\"><input type=\"radio\" name=\"radio-677\" value=\"Oui\" \/><span class=\"wpcf7-list-item-label\">Oui<\/span><\/span><span class=\"wpcf7-list-item last\"><input type=\"radio\" name=\"radio-677\" value=\"Non\" \/><span class=\"wpcf7-list-item-label\">Non<\/span><\/span><\/span><\/span>\n<\/p>\n<p>Ce manuscrit a-t-il d\u00e9j\u00e0 \u00e9t\u00e9 diffus\u00e9 gratuitement (Wattpad, plateforme personnelle, blog\u2026) ?<span style=\"color:red\">*<\/span>\n<\/p>\n<p><span class=\"wpcf7-form-control-wrap\" data-name=\"radio-678\"><span class=\"wpcf7-form-control wpcf7-radio\"><span class=\"wpcf7-list-item first\"><input type=\"radio\" name=\"radio-678\" value=\"Oui\" \/><span class=\"wpcf7-list-item-label\">Oui<\/span><\/span><span class=\"wpcf7-list-item last\"><input type=\"radio\" name=\"radio-678\" value=\"Non\" \/><span class=\"wpcf7-list-item-label\">Non<\/span><\/span><\/span><\/span>\n<\/p>\n<p>Votre roman peut-il \u00eatre lu ind\u00e9pendamment de tout autre texte ? (Dans d'autres mots, s'il inscrit dans une saga, r\u00e9pondez \"non\")<span style=\"color:red\">*<\/span>\n<\/p>\n<p><span class=\"wpcf7-form-control-wrap\" data-name=\"radio-679\"><span class=\"wpcf7-form-control wpcf7-radio\"><span class=\"wpcf7-list-item first\"><input type=\"radio\" name=\"radio-679\" value=\"Oui\" \/><span class=\"wpcf7-list-item-label\">Oui<\/span><\/span><span class=\"wpcf7-list-item last\"><input type=\"radio\" name=\"radio-679\" value=\"Non\" \/><span class=\"wpcf7-list-item-label\">Non<\/span><\/span><\/span><\/span>\n<\/p>\n<p>\u00cates-vous pr\u00e9sent\u00b7e sur les r\u00e9seaux sociaux ?\n<\/p>\n<p>Instagram \u2013 pseudo ou lien\n<\/p>\n<p><span class=\"wpcf7-form-control-wrap\" data-name=\"your-instagram\"><input size=\"40\" maxlength=\"400\" class=\"wpcf7-form-control wpcf7-text\" aria-invalid=\"false\" value=\"\" type=\"text\" name=\"your-instagram\" \/><\/span>\n<\/p>\n<p>Wattpad \u2013 pseudo ou lien\n<\/p>\n<p><span class=\"wpcf7-form-control-wrap\" data-name=\"your-wattpad\"><input size=\"40\" maxlength=\"400\" class=\"wpcf7-form-control wpcf7-text\" aria-invalid=\"false\" value=\"\" type=\"text\" name=\"your-wattpad\" \/><\/span>\n<\/p>\n<p><strong>Voici quelques recommandations concernant le format du manuscrit :<\/strong>\n<\/p>\n<p>\u2013 Interligne double\n<\/p>\n<p>\u2013 Police Arial, taille 12, texte justifi\u00e9\n<\/p>\n<p>\u2013 Synopsis pr\u00e9sent en premi\u00e8re page du document\n<\/p>\n<p>Merci de s\u00e9lectionnez votre manuscrit :<span style=\"color:red\">*<\/span>\n<\/p>\n<p>Formats accept\u00e9s : epub, pdf, doc, docx, txt, odt \u2014 Taille maximale : 10 Mo\n<\/p>\n<p><span class=\"wpcf7-form-control-wrap\" data-name=\"file-873\"><input size=\"40\" class=\"wpcf7-form-control wpcf7-file wpcf7-validates-as-required\" accept=\".epub,.pdf,.doc,.docx,.txt,.odt\" aria-required=\"true\" aria-invalid=\"false\" type=\"file\" name=\"file-873\" \/><\/span>\n<\/p>\n<p>Message compl\u00e9mentaire\n<\/p>\n<p>(Ajoutez ici toute information que vous jugez utile : intentions, public vis\u00e9, s\u00e9rie pr\u00e9vue, etc.)\n<\/p>\n<p><span class=\"wpcf7-form-control-wrap\" data-name=\"your-message\"><textarea cols=\"40\" rows=\"10\" maxlength=\"2000\" class=\"wpcf7-form-control wpcf7-textarea\" aria-invalid=\"false\" name=\"your-message\"><\/textarea><\/span>\n<\/p>\n<p><br \/>\n<span class=\"wpcf7-form-control-wrap\" data-name=\"acceptance-964\"><span class=\"wpcf7-form-control wpcf7-acceptance\"><span class=\"wpcf7-list-item\"><label><input type=\"checkbox\" name=\"acceptance-964\" value=\"1\" aria-invalid=\"false\" \/><span class=\"wpcf7-list-item-label\">J\u2019ai compris la d\u00e9marche et accepte que mon manuscrit soit \u00e9tudi\u00e9 selon les modalit\u00e9s de la maison d\u2019\u00e9dition.<\/span><\/label><\/span><\/span><\/span>\n<\/p>\n<p><input class=\"wpcf7-form-control wpcf7-submit has-spinner\" type=\"submit\" value=\"Envoyer mon manuscrit\" \/>\n<\/p><p style=\"display: none !important;\" class=\"akismet-fields-container\" data-prefix=\"_wpcf7_ak_\"><label>&#916;<textarea name=\"_wpcf7_ak_hp_textarea\" cols=\"45\" rows=\"8\" maxlength=\"100\"><\/textarea><\/label><input type=\"hidden\" id=\"ak_js_1\" name=\"_wpcf7_ak_js\" value=\"5\"\/><script>document.getElementById( \"ak_js_1\" ).setAttribute( \"value\", ( new Date() ).getTime() );<\/script><\/p><div class=\"wpcf7-response-output\" aria-hidden=\"true\"><\/div>\n<\/form>\n<\/div>\n\n","protected":false},"excerpt":{"rendered":"<p>Vous souhaitez nous envoyer votre manuscrit et rejoindre les auteures Butterfly ? Voici la d\u00e9marche \u00e0 suivre : \u00c0 l\u2019heure actuelle, nous publions exclusivement de la romance (romance contemporaine, dark romance, young adult, romance \u00e0 suspense, romantasy, rom-com\u2026). Ainsi, les manuscrits d\u2019autres genres ne seront pas \u00e9tudi\u00e9s. Aucune nouvelle, aucun essai ou-et recueil de po\u00e9sie, [&hellip;]<\/p>\n","protected":false},"author":1,"featured_media":0,"parent":0,"menu_order":0,"comment_status":"closed","ping_status":"closed","template":"","meta":{"_acf_changed":false,"content-type":"","footnotes":""},"class_list":["post-26","page","type-page","status-publish","hentry"],"blocksy_meta":[],"acf":[],"aioseo_notices":[],"_links":{"self":[{"href":"https:\/\/butterfly-editions.com\/index.php\/wp-json\/wp\/v2\/pages\/26","targetHints":{"allow":["GET"]}}],"collection":[{"href":"https:\/\/butterfly-editions.com\/index.php\/wp-json\/wp\/v2\/pages"}],"about":[{"href":"https:\/\/butterfly-editions.com\/index.php\/wp-json\/wp\/v2\/types\/page"}],"author":[{"embeddable":true,"href":"https:\/\/butterfly-editions.com\/index.php\/wp-json\/wp\/v2\/users\/1"}],"replies":[{"embeddable":true,"href":"https:\/\/butterfly-editions.com\/index.php\/wp-json\/wp\/v2\/comments?post=26"}],"version-history":[{"count":10,"href":"https:\/\/butterfly-editions.com\/index.php\/wp-json\/wp\/v2\/pages\/26\/revisions"}],"predecessor-version":[{"id":10274,"href":"https:\/\/butterfly-editions.com\/index.php\/wp-json\/wp\/v2\/pages\/26\/revisions\/10274"}],"wp:attachment":[{"href":"https:\/\/butterfly-editions.com\/index.php\/wp-json\/wp\/v2\/media?parent=26"}],"curies":[{"name":"wp","href":"https:\/\/api.w.org\/{rel}","templated":true}]}}