{"id":146,"date":"2016-05-01T20:24:57","date_gmt":"2016-05-01T19:24:57","guid":{"rendered":"http:\/\/butterfly-editions.com\/?page_id=146"},"modified":"2016-05-01T21:00:37","modified_gmt":"2016-05-01T20:00:37","slug":"email-disclaimer","status":"publish","type":"page","link":"https:\/\/butterfly-editions.com\/index.php\/la-societe\/email-disclaimer\/","title":{"rendered":"Email-Disclaimer"},"content":{"rendered":"<p>Les informations communiqu\u00e9es dans le message que vous venez de recevoir sont r\u00e9serv\u00e9es aux seul(s) destinataire(s) d\u00e9sign\u00e9(s) dans celui-ci, elles peuvent \u00eatre confidentielles, prot\u00e9g\u00e9es par le secret professionnel, et leur divulgation interdite. Si vous n&rsquo;\u00eates pas le(s) destinataire(s) d\u00e9sign\u00e9(s) de ce message, sa redistribution et tout usage de son contenu (conservation, reproduction, diffusion, divulgation, totale ou partielle, etc.) sont interdits, veuillez d\u00e9truire toute copie en votre possession et informez imm\u00e9diatement son \u00e9metteur que vous avez re\u00e7u ce message par erreur.<\/p>\n<p>Les messages \u00e9lectroniques peuvent transmettre des virus informatiques, ne pas \u00eatre reproduits fid\u00e8lement sur d&rsquo;autres syst\u00e8mes ou \u00eatre intercept\u00e9s, falsifi\u00e9s ou d\u00e9truits \u00e0 l&rsquo;insu de l&rsquo;\u00e9metteur ou des destinataires. Butterfly Editions d\u00e9cline toute responsabilit\u00e9 \u00e0 cet \u00e9gard. Butterfly Editions se r\u00e9serve le droit d&rsquo;intercepter, surveiller et bloquer les messages en provenance ou \u00e0 destination de ses syst\u00e8mes conform\u00e9ment aux lois applicables.<\/p>\n<p>&nbsp;<\/p>\n<p>The information contained in and accompanying the communication that you have just received may be confidential, subject to legal privilege, or otherwise protected from disclosure, and is intended solely for the use of the recipient(s) specified in this communication. If you are not the intended recipient of this communication, please delete and destroy all copies in your possession, advise the sender immediately that you have received this communication in error, and note that its dissemination or any use of its content (keeping, reproduction, distribution, total or partial disclosure, etc.) is expressly prohibited.<\/p>\n<p>E-mail messages may contain computer viruses, may not be accurately replicated on other systems, or may be intercepted, deleted or interfered with without the knowledge of the sender or the intended recipient. Butterfly Editions makes no warranties in relation to these matters. Please note that Butterfly Editions reserves the right to intercept, monitor, and retain e-mail messages to and from its systems as permitted by applicable law.<\/p>\n","protected":false},"excerpt":{"rendered":"<p>Les informations communiqu\u00e9es dans le message que vous venez de recevoir sont r\u00e9serv\u00e9es aux seul(s) destinataire(s) d\u00e9sign\u00e9(s) dans celui-ci, elles peuvent \u00eatre confidentielles, prot\u00e9g\u00e9es par le secret professionnel, et leur divulgation interdite. Si vous n&rsquo;\u00eates pas le(s) destinataire(s) d\u00e9sign\u00e9(s) de ce message, sa redistribution et tout usage de son contenu (conservation, reproduction, diffusion, divulgation, totale [&hellip;]<\/p>\n","protected":false},"author":1,"featured_media":0,"parent":31,"menu_order":0,"comment_status":"closed","ping_status":"closed","template":"","meta":{"_acf_changed":false,"content-type":"","footnotes":""},"class_list":["post-146","page","type-page","status-publish","hentry"],"blocksy_meta":[],"acf":[],"aioseo_notices":[],"_links":{"self":[{"href":"https:\/\/butterfly-editions.com\/index.php\/wp-json\/wp\/v2\/pages\/146","targetHints":{"allow":["GET"]}}],"collection":[{"href":"https:\/\/butterfly-editions.com\/index.php\/wp-json\/wp\/v2\/pages"}],"about":[{"href":"https:\/\/butterfly-editions.com\/index.php\/wp-json\/wp\/v2\/types\/page"}],"author":[{"embeddable":true,"href":"https:\/\/butterfly-editions.com\/index.php\/wp-json\/wp\/v2\/users\/1"}],"replies":[{"embeddable":true,"href":"https:\/\/butterfly-editions.com\/index.php\/wp-json\/wp\/v2\/comments?post=146"}],"version-history":[{"count":2,"href":"https:\/\/butterfly-editions.com\/index.php\/wp-json\/wp\/v2\/pages\/146\/revisions"}],"predecessor-version":[{"id":148,"href":"https:\/\/butterfly-editions.com\/index.php\/wp-json\/wp\/v2\/pages\/146\/revisions\/148"}],"up":[{"embeddable":true,"href":"https:\/\/butterfly-editions.com\/index.php\/wp-json\/wp\/v2\/pages\/31"}],"wp:attachment":[{"href":"https:\/\/butterfly-editions.com\/index.php\/wp-json\/wp\/v2\/media?parent=146"}],"curies":[{"name":"wp","href":"https:\/\/api.w.org\/{rel}","templated":true}]}}