{"id":10783,"date":"2026-03-19T18:36:37","date_gmt":"2026-03-19T17:36:37","guid":{"rendered":"https:\/\/butterfly-editions.com\/?page_id=10783"},"modified":"2026-03-19T18:39:17","modified_gmt":"2026-03-19T17:39:17","slug":"decouvrez-les-premieres-pages-de-what-the-fuck-par-dana-roccia","status":"publish","type":"page","link":"https:\/\/butterfly-editions.com\/index.php\/decouvrez-les-premieres-pages-de-what-the-fuck-par-dana-roccia\/","title":{"rendered":"D\u00e9couvrez les premi\u00e8res pages de \u00ab\u00a0What The Fuck !\u00a0\u00bb par Dana Roccia"},"content":{"rendered":"\n<h1 class=\"wp-block-heading has-text-align-center has-palette-color-2-color has-text-color has-link-color has-large-font-size wp-elements-e34ac5f302365b8dbb907433d2af936a\">D\u00e9couvrez en exclusivit\u00e9 les premi\u00e8res pages de \u00ab\u00a0What The Fuck !\u00a0\u00bb par Dana Roccia !<\/h1>\n\n\n\n<hr class=\"wp-block-separator has-alpha-channel-opacity\"\/>\n\n\n\n<figure class=\"wp-block-image aligncenter size-large\"><img decoding=\"async\" src=\"https:\/\/butterfly-editions.com\/wp-content\/uploads\/2026\/03\/1773941329-1-1024x785.png\" alt=\"\" class=\"wp-image-10788\"\/><\/figure>\n\n\n\n<hr class=\"wp-block-separator has-alpha-channel-opacity\"\/>\n\n\n\n<p><\/p>\n\n\n\n<p class=\"has-text-align-center has-x-large-font-size\">Prologue<\/p>\n\n\n\n<div class=\"wp-block-group roman is-layout-constrained wp-block-group-is-layout-constrained\">\n<p class=\"roman\">Un vacarme assourdissant m\u2019arrache \u00e0 mon sommeil, et surtout, \u00e0 mon r\u00eave de luxure aussi d\u00e9stabilisant qu\u2019agr\u00e9able. La lumi\u00e8re me br\u00fble les yeux. Un marteau piqueur vient d\u2019\u00e9lire domicile dans mon cr\u00e2ne. Une naus\u00e9e fulgurante finit par me mettre \u00e0 terre, effa\u00e7ant le plaisir de mes songes. Litt\u00e9ralement. Me voil\u00e0 en train d\u2019avancer \u00e0 quatre pattes pour tenter de rejoindre les toilettes adjacentes sans encombre.<\/p>\n\n\n\n<p>Sur le trajet, ma main se pose sur un objet visqueux. Mon c\u0153ur rate un battement lorsque je porte mon attention sur ladite chose qui ne devrait pas joncher le sol de ma chambre. Pas apr\u00e8s la caisse que je viens de me mettre. \u00c7a ne peut pas\u2026 si, si, un putain de pr\u00e9servatif, et loin d\u2019\u00eatre vide\u2009! Mon haut-le-c\u0153ur est si violent que je me redresse pour terminer les quelques m\u00e8tres qui me s\u00e9parent de la cuvette et d\u00e9verse le contenu de mon estomac.<\/p>\n\n\n\n<p>Putain, j\u2019ai couch\u00e9 avec un gars \u00e0 la soir\u00e9e d\u2019hier, il ne s\u2019agissait pas d\u2019un r\u00eave\u2009! Quelle affreuse id\u00e9e, cette f\u00eate de retrouvailles avant la reprise\u2009! J\u2019avais vot\u00e9 pour un film entre filles et du popcorn, pas pour transformer notre salon en club priv\u00e9. La rentr\u00e9e est dans deux jours, je ne suis m\u00eame pas certaine de m\u2019\u00eatre remise de ma cuite d\u2019ici l\u00e0. L\u2019une de mes colocs saurait-elle avec qui je me suis isol\u00e9e dans cette satan\u00e9e chambre\u2009? Faut-il encore que j\u2019aie le courage de demander.<\/p>\n\n\n\n<p>En effet, il n\u2019y a que trois possibilit\u00e9s, dont le petit ami de ma coloc, Sonia. Lui, je peux d\u2019ores et d\u00e9j\u00e0 le rayer de ma liste. Je suis peut-\u00eatre une d\u00e9prav\u00e9e aux yeux de mon entourage, mais pas au point de trahir mes copines. Il ne reste donc que le voisin de notre colocation sur qui Cynthia a des vues \u2013 un \u00e9tudiant en art qui a \u00e9t\u00e9 invit\u00e9 \u00e0 la derni\u00e8re minute \u2013 et le fr\u00e8re de&nbsp;Marine, ma meilleure pote. Il est aussi ami avec mon a\u00een\u00e9 et \u00e9tudie dans la m\u00eame universit\u00e9 que lui.<\/p>\n\n\n\n<p>L\u2019un ou l\u2019autre, \u00e7a reste inacceptable. Pas parce que mon fr\u00e8re va p\u00e9ter un c\u00e2ble ou parce que ma pote va me ha\u00efr, mais bien parce que j\u2019ai couch\u00e9, dans tous les cas, avec un enfoir\u00e9 de premi\u00e8re. Aucun des deux n\u2019est particuli\u00e8rement agr\u00e9able avec moi. Mon seul espoir\u2009? Qu\u2019il ne se rappelle plus mon identit\u00e9, lui non plus.<\/p>\n\n\n\n<p><em>Bon sang, dans quoi me suis-je encore fourr\u00e9e<\/em><em>\u2009<\/em><em>?<\/em><\/p>\n\n\n\n<p>La t\u00eate en vrac, les jambes en coton, je me masse l\u2019estomac, le dos appuy\u00e9 contre la fa\u00efence qui recouvre les toilettes, puis ferme les paupi\u00e8res. Je n\u2019ai m\u00eame pas la force de ramper jusqu\u2019\u00e0 mon lit. Une m\u00e9lodie vient aggraver mon mal de cr\u00e2ne. C\u2019est alors que je percute. Il s\u2019agit de la sonnerie du portable de Cynthia, l\u2019une de mes colocs, qui m\u2019a r\u00e9veill\u00e9e quelques minutes plus t\u00f4t. Il sonne en continu dans le salon adjacent, diffusant une musique d\u2019Aya Nakamura qu\u2019elle d\u00e9teste. Une blague idiote que j\u2019ai voulu lui faire hier soir, mais qui vient de se retourner contre moi.<\/p>\n\n\n\n<p><em>Foutu karma\u2026<\/em><\/p>\n\n\n\n<p>Aucun autre son ne r\u00e9sonne dans l\u2019appartement. Il semblerait que je ne sois pas la seule \u00e0 me trouver entre la vie et la mort. Note \u00e0 moi-m\u00eame&nbsp;: ne pas oublier de tuer Marine pour cette id\u00e9e de soir\u00e9e. Cependant, avant \u00e7a, je vais essayer de survivre\u2026<\/p>\n\n<\/div>\n\n\n<hr class=\"wp-block-separator has-alpha-channel-opacity\"\/>\n\n\n\n<p class=\"has-text-align-center has-x-large-font-size\">Chapitre 1<\/p>\n\n\n\n<p class=\"has-text-align-center has-large-font-size\">Je suis en vie !<\/p>\n\n\n\n\n<div class=\"wp-block-group roman is-layout-constrained wp-block-group-is-layout-constrained is-layout-flow wp-block-group-is-layout-flow\">\n<p class=\"roman\">\u2014&nbsp;Putain, d\u00e9j\u00e0 la rentr\u00e9e.<\/p>\n\n\n\n<p>Je rel\u00e8ve la t\u00eate de mes bras, eux-m\u00eames d\u00e9pos\u00e9s contre le retour-bar qui s\u00e9pare la cuisine ouverte du salon, quand Marine d\u00e9boule du couloir. Tout en soupirant, elle s\u2019\u00e9choue sur le tabouret pr\u00e8s de moi. Ses interminables cheveux blonds sont en p\u00e9tard, et son pyjama <em>Betty Boop<\/em> d\u00e9lav\u00e9 en dit long sur son \u00e9tat d\u2019esprit. J\u2019aurais pu me moquer d\u2019elle si j\u2019en avais la force. Malheureusement, je suis d\u2019humeur massacrante. Je n\u2019ai ni dig\u00e9r\u00e9 l\u2019alcool de notre derni\u00e8re soir\u00e9e ni retrouv\u00e9 la m\u00e9moire au sujet du jeune homme qui a enfil\u00e9 ce pr\u00e9servatif dans ma chambre. De quoi blesser l\u2019<em>ego<\/em> de mon amant myst\u00e8re.<\/p>\n\n\n\n<p>Cela dit, j\u2019ai souvenir d\u2019avoir pris mon pied, c\u2019est d\u00e9j\u00e0 \u00e7a\u2009!<\/p>\n\n\n\n<p><em>Rassure-toi comme tu peux, Louise, \u00e7a reste embarrassant comme situation.<\/em><\/p>\n\n\n\n<p>J\u2019assume et admets avoir des plans cul de temps \u00e0 autre, mais jamais \u00f4 grand jamais, je n\u2019ai couch\u00e9 avec quelqu\u2019un en \u00e9tant autant ivre morte, et au point de ne plus m\u2019en rappeler. Je ne suis pas dingue, d\u2019ordinaire, je reste vigilante. Je ne tiens pas \u00e0 ce que l\u2019on me retrouve \u00e9ventr\u00e9e dans une ruelle sombre des quartiers de Toulouse.<\/p>\n\n\n\n<p>\u2014&nbsp;Cynthia et Sonia ne sont pas lev\u00e9es\u2009?<\/p>\n\n\n\n<p>J\u2019enfonce mon menton dans ma paume, puis agite mon visage de gauche \u00e0 droite pour simple r\u00e9ponse.<\/p>\n\n\n\n<p>\u2014&nbsp;Oh, toi, tu fais la gueule, s\u2019amuse Marine en tirant sur mon avant-bras qui tenait ma t\u00eate. Tu n\u2019as toujours pas d\u00e9cuv\u00e9\u2009?<\/p>\n\n\n\n<p>Je marmonne dans ma barbe quelques mots inaudibles tandis qu\u2019elle ajoute&nbsp;:<\/p>\n\n\n\n<p>\u2014&nbsp;M\u00eame si vous m\u2019avez manqu\u00e9, je n\u2019ai pas envie de reprendre les cours. Fait chier\u2009! J\u2019\u00e9tais bien en vacances dans ma famille \u00e0 Albi, puis pr\u00e8s de l\u2019oc\u00e9an \u00e0 mater et \u00e0\u2026<\/p>\n\n\n\n<p>\u2014&nbsp;En m\u00eame temps, r\u00e9torqu\u00e9-je, blas\u00e9e, pour couper court \u00e0 sa r\u00eaverie, tu suis deux cursus. Qui est assez dingue pour faire une chose pareille\u2009? \u00c0 ta place, moi non plus, je n\u2019aurais pas envie de revenir.<\/p>\n\n\n\n<p>Soudain perdue dans ses pens\u00e9es, Marine hausse les \u00e9paules. Une r\u00e9action \u00e9trange de sa part. En g\u00e9n\u00e9ral, elle m\u2019aurait balanc\u00e9 un pic bien sentie. Puis, ce n\u2019est pas la premi\u00e8re fois qu\u2019on l\u2019emb\u00eate avec ses \u00e9tudes. En effet, elle suit deux licences \u00e0 la fois. Son pire cauchemar\u2009? Que deux mati\u00e8res se chevauchent sur son planning. Chose qui arrive in\u00e9vitablement chaque semestre. Le plus ahurissant\u2009? Elle a des notes \u00e0 se damner \u00e0 chaque partiel, sans r\u00e9ellement r\u00e9viser. Je crois que je l\u2019envie.<\/p>\n\n\n\n<p>\u2014&nbsp;Je ne peux pas l\u00e2cher une des deux branches, m\u2019avoue\u2011t\u2011elle tout \u00e0 coup, le regard sombre. Et tu sais tr\u00e8s bien pourquoi.<\/p>\n\n\n\n<p>Je laisse mon front retomber contre mes bras pos\u00e9s sur le plan de travail. Oui, je le sais. Malheureusement. Pour faire court, nous suivons toutes les deux des \u00e9tudes de langue. Elle suit les cours de japonais et d\u2019anglais tandis que je me suis cantonn\u00e9e au dialecte du pays du Soleil-Levant. Soyons honn\u00eates, j\u2019ai bien peu de d\u00e9bouch\u00e9s si on retire la traduction qui ne paie pas tellement. Ma seule porte de secours\u2009? Devenir prof de japonais. Or, la concurrence sera rude face aux natifs qui le parlent couramment.<\/p>\n\n\n\n<p>En ajoutant l\u2019anglais, Marine s\u2019offre une issue de secours. Si elle est dou\u00e9e pour apprendre, ce n\u2019est pas mon cas. Non seulement je sors d\u2019un Bac pro de secr\u00e9tariat qui ne me laissait que peu de choix en mati\u00e8re d\u2019universit\u00e9s, mais, en plus, je n\u2019aime pas \u00e7a. J\u2019ai donc opt\u00e9 pour l\u2019une de mes passions&nbsp;: le Japon, en attendant de trouver une voie qui me fasse vibrer. OK, c\u2019est vraiment idiot comme motivation.<\/p>\n\n\n\n<p>\u00c0 c\u00f4t\u00e9 de \u00e7a, mon fr\u00e8re, suit des \u00e9tudes de droit dans une fac non loin de la mienne. De quoi sauver la fiert\u00e9 de mes parents qui pr\u00e9f\u00e8rent s\u2019\u00e9pancher sur lui plut\u00f4t que sur moi.<\/p>\n\n\n\n<p>\u2014&nbsp;Au fait, bafouill\u00e9-je en me redressant, durant la f\u00eate\u2026<\/p>\n\n\n\n<p>Je contourne le bar pour m\u2019approcher de la machine \u00e0 caf\u00e9 tandis que les prunelles intrigu\u00e9es de Marine me suivent. J\u2019ai d\u00e9sormais toute son attention, comme chaque fois que nous papotons de nos soir\u00e9es de d\u00e9bauche. Ce qui, ne mentons pas, \u00e9tait le cas durant notre r\u00e9union de retrouvailles.<\/p>\n\n\n\n<p>\u2014&nbsp;J\u2019\u00e9tais proche de quelqu\u2019un\u2009? Je ne me souviens de rien\u2026<\/p>\n\n\n\n<p>Marine incline la t\u00eate, nos regards se percutent, mes muscles se crispent. Alerte rouge, elle va griller qu\u2019il s\u2019est pass\u00e9 un truc pas net. Choisir la s\u0153ur de ma possible victime n\u2019\u00e9tait sans doute pas l\u2019id\u00e9e du si\u00e8cle. <em>Mayday<\/em> <em>mayday<\/em>, il reste encore du temps pour sauver les meubles.<\/p>\n\n\n\n<p>\u2014&nbsp;Laisse tomb\u2026<\/p>\n\n\n\n<p>Marine s\u2019appr\u00eate \u00e0 me couper la parole, mais Cynthia s\u2019en charge en entrant comme une furie dans le salon. Elle nous salue en nous claquant une bise sur chaque joue. Son parfum m\u00ealant lavande et jasmin vient me chatouiller les narines. Voici notre colocataire la plus rayonnante, le matin. La preuve, elle est d\u00e9j\u00e0 pr\u00eate et maquill\u00e9e, par\u00e9e \u00e0 affronter ce premier jour.<\/p>\n\n\n\n<p>\u2014&nbsp;Vous verriez vos gueules\u2009! s\u2019amuse-t-elle en attrapant un paquet de biscuits. Vous comptez partir avec ces tenues\u2009?<\/p>\n\n\n\n<p>J\u2019admire d\u2019un air envieux ses boucles, ainsi que sa peau brune. Nous faisons p\u00e2le figure \u00e0 c\u00f4t\u00e9 d\u2019elle. Entre nos pyjamas de m\u00e9m\u00e8re, nos cheveux \u00e9bouriff\u00e9s, mes frisottis roux, et nos cernes, nous ne sommes pas aussi fra\u00eeches que la ros\u00e9e du matin. Loin de l\u00e0.<\/p>\n\n\n\n<p>\u2014&nbsp;Je vais r\u00e9veiller Sonia et me pr\u00e9parer, marmonn\u00e9-je pour fuir la bonne humeur d\u00e9bordante de mon amie.<\/p>\n\n\n\n<p>Elle n\u2019entend jamais son r\u00e9veil. Chose qui a d\u00fb arriver si je me fie \u00e0 l\u2019heure affich\u00e9e sur la porte du four encastr\u00e9.<\/p>\n\n\n\n<p>Au d\u00e9but de cette colocation, nous n\u2019\u00e9tions que deux. Marine et moi. Nous nous sommes connues \u00e0 la fac, comme nous suivions le m\u00eame cursus. Malheureusement, le loyer du seul appartement que nous avons trouv\u00e9 demeurait toujours bien au-dessus de nos moyens et il restait encore deux chambres vides. Nous avons donc d\u00e9pos\u00e9 une annonce en ligne. Ainsi, nous avons rencontr\u00e9 Sonia, qui \u00e9tudie l\u2019Histoire de l\u2019art, et Cynthia, qui suit des cours de japonais. Contrairement \u00e0 nous, elle se trouve en derni\u00e8re ann\u00e9e, et non en seconde.<\/p>\n\n\n\n<p>D\u2019un geste presque habituel, alors que trois mois se sont \u00e9coul\u00e9s depuis la derni\u00e8re fois, je tambourine \u00e0 la porte close de Sonia qui pousse un g\u00e9missement plaintif. Puis, je m\u2019engouffre dans la salle de bains qui se trouve juste \u00e0 c\u00f4t\u00e9. Mon reflet dans le miroir, au-dessus de la double vasque, me fige sur place. Mon Dieu, on dirait que notre f\u00eate ne date pas d\u2019il y a deux jours, mais d\u2019hier soir. Ma peau est p\u00e2le, plus que d\u2019habitude, mes taches de rousseur ressortent et me complexent un peu plus. Un d\u00e9sastre. Mes boucles rousses ressemblent \u00e0 un amas informe et frisottent dans tous les sens. Et mes cernes, on en parle\u2009? Le bleu fait concurrence \u00e0 mes iris verts qui d\u2019ordinaire ont plut\u00f4t la c\u00f4te. Contrairement \u00e0 ma chevelure qui m\u2019a apport\u00e9 pas mal de moqueries durant ma jeunesse.<\/p>\n\n\n\n<p>Bien d\u00e9cid\u00e9e \u00e0 ne pas me prendre la t\u00eate pour dompter ma crini\u00e8re, je saute sous la douche et tente une touche de maquillage pour cacher ma fatigue. Puis, je fonce, enroul\u00e9e dans une serviette, dans ma chambre pour d\u00e9nicher de quoi me couvrir les fesses pour ce jour de rentr\u00e9e.<\/p>\n\n\n\n<p>Une fois v\u00eatue d\u2019un jean bleu taille haute et d\u2019un crop-top vert, je retourne dans le salon. Marine a abandonn\u00e9 son pyjama <em>Betty Boop<\/em> pour enfiler une robe \u00e9vas\u00e9e rouge, mettant sa chevelure blonde en valeur. Sonia, elle, m\u2019adresse un vague signe de la main en guise de salut, toujours endormie devant son caf\u00e9, pr\u00e8s du bar.<\/p>\n\n\n\n<p>\u2014&nbsp;Je vous laisse, les filles, d\u00e9clare Cynthia en attrapant son sac \u00e0 bandouli\u00e8re sur le canap\u00e9 d\u2019angle. J\u2019ai donn\u00e9 rendez\u2011vous \u00e0 des potes devant la fac dans dix minutes.<\/p>\n\n\n\n<p>Marine lui lance un sourire de conspiratrice. De mon c\u00f4t\u00e9, je me tends, fig\u00e9e dans l\u2019encadrement menant aux chambres. Nous savons toutes qui elle compte rejoindre. Avant, j\u2019aurais ajout\u00e9 mon grain de sel, pas aujourd\u2019hui. Pas depuis les zones d\u2019ombre qui assombrissent ma m\u00e9moire au sujet d\u2019une certaine soir\u00e9e.<\/p>\n\n\n\n<p>\u2014&nbsp;Dis plut\u00f4t que tu vas guetter la sortie du beau voisin pour le croiser \u00ab\u2009par hasard\u2009\u00bb et continuer le trajet en sa compagnie, d\u00e9clare Sonia d\u2019un ton endormi.<\/p>\n\n\n\n<p>Un rictus crisp\u00e9 \u00e9tire mes l\u00e8vres. Celui-ci ne semble pas passer inaper\u00e7u, car Marine hausse un sourcil dans ma direction, avant de reporter son attention sur Cynthia qui, par chance, poss\u00e8de une peau qui dissimule les rougeurs de ses joues. Mon c\u0153ur joue du tam-tam dans ma poitrine \u00e0 l\u2019id\u00e9e d\u2019avoir ne serait\u2011ce que touch\u00e9 un poil de torse de cet homme qui attire tant l\u2019int\u00e9r\u00eat de mon amie. J\u2019en viens \u00e0 prier pour que ce soit le fr\u00e8re de Marine. Ou un extra-terrestre venu tout droit de Mars pour me baiser \u00e0 des fins purement exp\u00e9rimentales.<\/p>\n\n\n\n<p><em>Une id\u00e9e de sc\u00e9nario pour un porno, \u00e7a.<\/em><\/p>\n\n\n\n<p><em>Putain, Louise, tu vrilles<\/em><em>\u2009<\/em><em>!<\/em><\/p>\n\n\n\n<p>Je suis dans la merde, je le sens.<\/p>\n\n\n\n<p>Non, je le <em>sais<\/em>.<\/p>\n\n\n\n<p>Parce que j\u2019ai une poisse l\u00e9gendaire\u2009!<\/p>\n<\/div>\n<\/div>\n\n\n\n<h2 class=\"wp-block-heading has-text-align-center\">Disponible le 07\/05\/2026<\/h2>\n\n\n\n<p><\/p>\n","protected":false},"excerpt":{"rendered":"<p>D\u00e9couvrez en exclusivit\u00e9 les premi\u00e8res pages de \u00ab\u00a0What The Fuck !\u00a0\u00bb par Dana Roccia ! Prologue Un vacarme assourdissant m\u2019arrache \u00e0 mon sommeil, et surtout, \u00e0 mon r\u00eave de luxure aussi d\u00e9stabilisant qu\u2019agr\u00e9able. La lumi\u00e8re me br\u00fble les yeux. Un marteau piqueur vient d\u2019\u00e9lire domicile dans mon cr\u00e2ne. Une naus\u00e9e fulgurante finit par me mettre [&hellip;]<\/p>\n","protected":false},"author":10,"featured_media":0,"parent":0,"menu_order":0,"comment_status":"closed","ping_status":"closed","template":"","meta":{"_acf_changed":false,"content-type":"","footnotes":""},"class_list":["post-10783","page","type-page","status-publish","hentry"],"blocksy_meta":[],"acf":[],"aioseo_notices":[],"_links":{"self":[{"href":"https:\/\/butterfly-editions.com\/index.php\/wp-json\/wp\/v2\/pages\/10783","targetHints":{"allow":["GET"]}}],"collection":[{"href":"https:\/\/butterfly-editions.com\/index.php\/wp-json\/wp\/v2\/pages"}],"about":[{"href":"https:\/\/butterfly-editions.com\/index.php\/wp-json\/wp\/v2\/types\/page"}],"author":[{"embeddable":true,"href":"https:\/\/butterfly-editions.com\/index.php\/wp-json\/wp\/v2\/users\/10"}],"replies":[{"embeddable":true,"href":"https:\/\/butterfly-editions.com\/index.php\/wp-json\/wp\/v2\/comments?post=10783"}],"version-history":[{"count":2,"href":"https:\/\/butterfly-editions.com\/index.php\/wp-json\/wp\/v2\/pages\/10783\/revisions"}],"predecessor-version":[{"id":10794,"href":"https:\/\/butterfly-editions.com\/index.php\/wp-json\/wp\/v2\/pages\/10783\/revisions\/10794"}],"wp:attachment":[{"href":"https:\/\/butterfly-editions.com\/index.php\/wp-json\/wp\/v2\/media?parent=10783"}],"curies":[{"name":"wp","href":"https:\/\/api.w.org\/{rel}","templated":true}]}}