{"id":10449,"date":"2026-02-24T11:57:31","date_gmt":"2026-02-24T10:57:31","guid":{"rendered":"https:\/\/butterfly-editions.com\/?page_id=10449"},"modified":"2026-03-19T15:49:14","modified_gmt":"2026-03-19T14:49:14","slug":"decouvrez-les-premieres-pages-de-not-a-reason-par-laura-collins","status":"publish","type":"page","link":"https:\/\/butterfly-editions.com\/index.php\/decouvrez-les-premieres-pages-de-not-a-reason-par-laura-collins\/","title":{"rendered":"D\u00e9couvrez les premi\u00e8res pages de \u00ab\u00a0Not A Reason\u00a0\u00bb par Laura Collins"},"content":{"rendered":"\n<h1 class=\"wp-block-heading has-text-align-center has-palette-color-2-color has-text-color has-link-color has-large-font-size wp-elements-fcf819e8eb0983d8353e52517d21db49\">D\u00e9couvrez en exclusivit\u00e9 les premi\u00e8res pages de \u00ab\u00a0Not A Reason\u00a0\u00bb par Laura Collins !<\/h1>\n\n\n\n<hr class=\"wp-block-separator has-alpha-channel-opacity\"\/>\n\n\n\n<div class=\"wp-block-columns is-layout-flex wp-container-core-columns-is-layout-1 wp-block-columns-is-layout-flex\">\n<div class=\"wp-block-column is-layout-flow wp-block-column-is-layout-flow\" style=\"flex-basis:33.33%\">\n<figure class=\"wp-block-image alignfull size-large\"><img loading=\"lazy\" decoding=\"async\" width=\"1024\" height=\"785\" src=\"https:\/\/butterfly-editions.com\/wp-content\/uploads\/2026\/03\/1773931549-1024x785.png\" alt=\"\" class=\"wp-image-10769\" srcset=\"https:\/\/butterfly-editions.com\/wp-content\/uploads\/2026\/03\/1773931549-1024x785.png 1024w, https:\/\/butterfly-editions.com\/wp-content\/uploads\/2026\/03\/1773931549-300x230.png 300w, https:\/\/butterfly-editions.com\/wp-content\/uploads\/2026\/03\/1773931549-768x589.png 768w, https:\/\/butterfly-editions.com\/wp-content\/uploads\/2026\/03\/1773931549-400x307.png 400w, https:\/\/butterfly-editions.com\/wp-content\/uploads\/2026\/03\/1773931549.png 1500w\" sizes=\"auto, (max-width: 1024px) 100vw, 1024px\" \/><\/figure>\n<\/div>\n\n\n\n<div class=\"wp-block-column is-layout-flow wp-block-column-is-layout-flow\" style=\"flex-basis:66.66%\">\n<p class=\"has-text-align-center has-small-font-size\" style=\"line-height:1.2\"><strong>Ils n\u2019ont rien en commun\u2026 sauf un pass\u00e9 qui les a bris\u00e9s, et une attirance qu\u2019ils refusent d\u2019avouer.<\/strong><\/p>\n\n\n\n<p class=\"has-text-align-center has-small-font-size\">En entrant \u00e0 la Sorbonne,\u00a0Lou\u00a0ne r\u00eave pas d\u2019une vie \u00e9tudiante id\u00e9ale : elle veut simplement survivre. Orpheline, responsable de son petit fr\u00e8re et coinc\u00e9e dans un foyer toxique, elle avance en silence, d\u00e9termin\u00e9e \u00e0 prot\u00e9ger ce qu\u2019il lui reste.<\/p>\n\n\n\n<p class=\"has-text-align-center has-small-font-size\">\u00c0 l\u2019oppos\u00e9,\u00a0Nils, h\u00e9ritier d\u2019une famille influente, cache sous son arrogance une douleur profonde qu\u2019il refuse d\u2019affronter. Entre pression familiale, souvenirs qu\u2019il \u00e9touffe et besoin maladif de contr\u00f4ler ses \u00e9motions, il ne laisse personne l\u2019approcher\u2026 sauf sa s\u0153ur.<\/p>\n\n\n\n<p class=\"has-text-align-center has-small-font-size\">Quand Lou et Nils se rencontrent, le clash est imm\u00e9diat : ils se provoquent, se d\u00e9fient, se repoussent \u2013 mais chacun reconna\u00eet chez l\u2019autre une faille famili\u00e8re. De cours en confrontations, leurs vies s\u2019entrem\u00ealent malgr\u00e9 eux, r\u00e9v\u00e9lant une attirance qu\u2019ils n\u2019avaient pas pr\u00e9vue de g\u00e9rer.<\/p>\n\n\n\n<p class=\"has-text-align-center has-small-font-size\"><em>Tr\u00e8s vite, une question s\u2019impose : vont-ils se d\u00e9truire\u2026 ou se r\u00e9parer ?<\/em><\/p>\n<\/div>\n<\/div>\n\n\n\n<hr class=\"wp-block-separator has-alpha-channel-opacity\"\/>\n\n\n\n<figure class=\"wp-block-image aligncenter size-full\"><img loading=\"lazy\" decoding=\"async\" width=\"603\" height=\"236\" src=\"https:\/\/butterfly-editions.com\/wp-content\/uploads\/2026\/03\/Image1.png\" alt=\"\" class=\"wp-image-10768\" srcset=\"https:\/\/butterfly-editions.com\/wp-content\/uploads\/2026\/03\/Image1.png 603w, https:\/\/butterfly-editions.com\/wp-content\/uploads\/2026\/03\/Image1-300x117.png 300w, https:\/\/butterfly-editions.com\/wp-content\/uploads\/2026\/03\/Image1-400x157.png 400w\" sizes=\"auto, (max-width: 603px) 100vw, 603px\" \/><\/figure>\n\n\n\n<p class=\"has-text-align-right has-large-font-size\">Nils<\/p>\n\n\n\n<div class=\"wp-block-group roman is-layout-constrained wp-block-group-is-layout-constrained\">\n<p class=\"roman\"><em>Oslo, dix ans plus t\u00f4t\u2026<\/em><\/p>\n\n\n\n<p>\u2014&nbsp;Maman\u2009?<\/p>\n\n\n\n<p>J\u2019h\u00e9site longtemps devant la porte de sa chambre. Elle est ferm\u00e9e. Elle veut sans doute que je ne la d\u00e9range pas, mais le t\u00e9l\u00e9phone n\u2019arr\u00eate pas de sonner et Papa m\u2019a interdit de d\u00e9crocher. Il dit que je ne suis pas assez poli ou que je ne suis pas capable de prendre le message. Je suis seul. C\u2019est la fin de l\u2019apr\u00e8s-midi. Liv, ma s\u0153ur, est \u00e0 la danse avec la nounou.<\/p>\n\n\n\n<p>\u2014&nbsp;Maman, le t\u00e9l\u00e9phone\u2026<\/p>\n\n\n\n<p>Toujours pas de r\u00e9ponse. Je n\u2019aime pas \u00e7a. Ces derniers temps, elle est triste. Parfois, ses yeux brillent. Une fois, je l\u2019ai surprise en train de pleurer dans la salle de bains. En me voyant, elle a souri. Peut-\u00eatre que si j\u2019entre, ce sera pareil. Alors, j\u2019ouvre la porte. Elle est allong\u00e9e sur son lit, elle dort. Pourtant, le t\u00e9l\u00e9phone se remet \u00e0 sonner. Pourquoi elle ne l\u2019entend pas\u2009? Je veux bien r\u00e9pondre \u00e0 sa place, mais je pr\u00e9f\u00e9rerais qu\u2019elle soit d\u2019accord. Quand Papa est en col\u00e8re, il me fait peur. Et il gronde Maman lorsqu\u2019elle prend ma d\u00e9fense.<\/p>\n\n\n\n<p>\u2014&nbsp;Maman\u2009?<\/p>\n\n\n\n<p>Je m\u2019approche. Mon c\u0153ur bat tr\u00e8s fort. Sa peau n\u2019est pas comme d\u2019habitude. Quelque chose ne va pas. La couleur de sa peau. Sa bouche grimace. Et sa main\u2026 Elle pend de son lit comme si elle \u00e9tait toute molle. Normalement, Maman ne dort pas \u00e0 cette heure. Aussi raide qu\u2019un bout de bois, je m\u2019avance vers cette main. Je vais la r\u00e9veiller, elle doit faire un cauchemar. Comme moi dans mon lit, m\u00eame si je bouge tellement que ma couette se retrouve par terre. Je saisis ses doigts avec pr\u00e9caution. Ils sont froids. Tr\u00e8s froids. Je les serre, mais Maman ne r\u00e9agit pas. Mon souffle se coupe. Je sens la panique monter comme quand je croise le regard s\u00e9v\u00e8re de Papa. C\u2019est pas normal, pas normal du tout. Je secoue son bras.<\/p>\n\n\n\n<p>\u2014&nbsp;Maman, r\u00e9veille-toi, tu me fais peur\u2009! Maman\u2009!<\/p>\n\n\n\n<p>Je crie plus fort encore. Je la secoue de plus belle, m\u00eame sa main, m\u00eame ses \u00e9paules. Rien. Elle ne bouge pas. C\u2019est alors que je les vois sur sa table de nuit. Des cachets comme ceux qu\u2019elle prend pour dormir le soir. \u00c7a lui arrive souvent, elle m\u2019a dit de ne pas m\u2019inqui\u00e9ter. Le flacon est ouvert, et il n\u2019en reste plus dedans.<\/p>\n\n\n\n<p>\u2014&nbsp;Maman, faut te r\u00e9veiller. Papa va rentrer. Il n\u2019aime pas quand le repas n\u2019est pas pr\u00eat quand il rentre, tu te souviens\u2009?<\/p>\n\n\n\n<p>Ma poitrine me fait mal. Elle devrait se r\u00e9veiller, je serre fort ses doigts. Des larmes coulent sur mes joues. Je ne dois pas pleurer, je sais. Papa dit que seuls les faibles pleurent, mais Maman ne va pas bien, j\u2019en suis s\u00fbr. Je ne sens plus son c\u0153ur battre. J\u2019ai peur, je voudrais que Nounou Alma soit l\u00e0. Ou Papa.<\/p>\n\n\n\n<p>Je crie, je sanglote, je la secoue encore.<\/p>\n\n\n\n<p>Le t\u00e9l\u00e9phone a arr\u00eat\u00e9 de sonner. Il y a du bruit dans la maison. La porte d\u2019entr\u00e9e vient de claquer. C\u2019est Papa. Elle claque toujours quand il arrive. Je sors de la chambre et cours \u00e0 sa rencontre.<\/p>\n\n\n\n<p>\u2014&nbsp;Papa, viens&nbsp;! Maman, elle va pas bien\u2009! Elle se r\u00e9veille pas. <em>Pappa, kom raskt<a href=\"#_ftn1\" id=\"_ftnref1\"><sup><strong><sup>[1]<\/sup><\/strong><\/sup><\/a>.<\/em><\/p>\n\n\n\n<p>Il me bouscule et me repousse violemment contre le mur pour s\u2019engouffrer dans la chambre. Je me cogne la t\u00eate, \u00e7a fait mal.<\/p>\n\n\n\n<p>\u2014&nbsp;<em>Ne reste pas dans mon chemin, toi<\/em><em>\u2009<\/em><em>!<\/em> aboie-t-il en norv\u00e9gien, parce que je n\u2019ai pas le droit de parler fran\u00e7ais avec lui.<\/p>\n\n\n\n<p>Puis, sa grosse voix remplit toute la pi\u00e8ce&nbsp;:<\/p>\n\n\n\n<p><em>\u2014&nbsp;Qu\u2019est-ce que tu as foutu, H\u00e9l\u00e8ne<\/em><em>\u2009<\/em><em>?<\/em><\/p>\n\n\n\n<p>Il s\u2019agenouille et la prend dans ses bras. On dirait qu\u2019il la berce. \u00c7a ne marchera pas.<\/p>\n\n\n\n<p><em>\u2014&nbsp;Bon sang, tu peux pas me faire \u00e7a&nbsp;!<\/em> se met-il \u00e0 crier.<\/p>\n\n\n\n<p>Maman ne bouge pas. Ne remue pas les yeux. Elle est toute molle. Quelque chose se d\u00e9chire dans mon ventre. Post\u00e9 contre la porte, je n\u2019ose plus avancer. Il sort son portable de la poche de son costume et appelle les secours. Je n\u2019entends que ces mots terrifiants&nbsp;: \u00ab&nbsp;inconscience&nbsp;\u00bb, \u00ab&nbsp;overdose&nbsp;\u00bb, \u00ab&nbsp;tentative de suicide&nbsp;\u00bb. Quand je m\u2019approche du lit, je tremble et sanglote. Il me balance un regard noir et me crie&nbsp;:<\/p>\n\n\n\n<p>\u2014&nbsp;<em>Fous le camp<\/em><em>\u2009<\/em><em>! Si ta m\u00e8re meurt, ce sera ta faute<\/em><em>\u2009<\/em><em>! Fous le camp<\/em><em>\u2009<\/em><em>!<\/em><\/p>\n\n\n\n<p><em>Ma faute<\/em><em>\u2009<\/em><em>?<\/em> Mais j\u2019ai essay\u00e9 de la r\u00e9veiller&nbsp;! De toutes mes forces\u2009! Je serre les bras contre mon torse en reculant jusqu\u2019\u00e0 heurter la commode. Je me laisse glisser sur le sol et ram\u00e8ne mes genoux contre moi. Les larmes coulent sur mon pantalon. Je ne veux pas partir, je ne veux pas laisser Maman. Papa jette son t\u00e9l\u00e9phone sur le sol, il glisse sur le parquet. Je le suis du regard, l\u2019\u00e9cran est fendu. Puis, je le fixe. Papa ne me voit plus. Je ne le vois plus. Je ne vois plus le corps de Maman.<\/p>\n\n\n\n<p>C\u2019est ma faute. Maman ne se r\u00e9veillera pas et Papa est dans une rage folle.<br><\/p>\n\n\n\n<hr class=\"wp-block-separator has-alpha-channel-opacity\"\/>\n\n\n\n<p><a href=\"#_ftnref1\" id=\"_ftn1\">[1]<\/a> \u00ab&nbsp;Papa, viens vite&nbsp;\u00bb en norv\u00e9gien.<\/p>\n<\/div>\n\n\n\n<h2 class=\"wp-block-heading has-text-align-center\">En librairies le 19\/05\/2026<\/h2>\n\n\n\n<p><\/p>\n","protected":false},"excerpt":{"rendered":"<p>D\u00e9couvrez en exclusivit\u00e9 les premi\u00e8res pages de \u00ab\u00a0Not A Reason\u00a0\u00bb par Laura Collins ! Ils n\u2019ont rien en commun\u2026 sauf un pass\u00e9 qui les a bris\u00e9s, et une attirance qu\u2019ils refusent d\u2019avouer. En entrant \u00e0 la Sorbonne,\u00a0Lou\u00a0ne r\u00eave pas d\u2019une vie \u00e9tudiante id\u00e9ale : elle veut simplement survivre. Orpheline, responsable de son petit fr\u00e8re et [&hellip;]<\/p>\n","protected":false},"author":10,"featured_media":0,"parent":0,"menu_order":0,"comment_status":"closed","ping_status":"closed","template":"","meta":{"_acf_changed":false,"content-type":"","footnotes":""},"class_list":["post-10449","page","type-page","status-publish","hentry"],"blocksy_meta":[],"acf":[],"aioseo_notices":[],"_links":{"self":[{"href":"https:\/\/butterfly-editions.com\/index.php\/wp-json\/wp\/v2\/pages\/10449","targetHints":{"allow":["GET"]}}],"collection":[{"href":"https:\/\/butterfly-editions.com\/index.php\/wp-json\/wp\/v2\/pages"}],"about":[{"href":"https:\/\/butterfly-editions.com\/index.php\/wp-json\/wp\/v2\/types\/page"}],"author":[{"embeddable":true,"href":"https:\/\/butterfly-editions.com\/index.php\/wp-json\/wp\/v2\/users\/10"}],"replies":[{"embeddable":true,"href":"https:\/\/butterfly-editions.com\/index.php\/wp-json\/wp\/v2\/comments?post=10449"}],"version-history":[{"count":6,"href":"https:\/\/butterfly-editions.com\/index.php\/wp-json\/wp\/v2\/pages\/10449\/revisions"}],"predecessor-version":[{"id":10771,"href":"https:\/\/butterfly-editions.com\/index.php\/wp-json\/wp\/v2\/pages\/10449\/revisions\/10771"}],"wp:attachment":[{"href":"https:\/\/butterfly-editions.com\/index.php\/wp-json\/wp\/v2\/media?parent=10449"}],"curies":[{"name":"wp","href":"https:\/\/api.w.org\/{rel}","templated":true}]}}