{"id":103,"date":"2016-04-13T18:39:33","date_gmt":"2016-04-13T17:39:33","guid":{"rendered":"http:\/\/butterfly-editions.com\/?page_id=103"},"modified":"2016-04-13T19:03:32","modified_gmt":"2016-04-13T18:03:32","slug":"cookies","status":"publish","type":"page","link":"https:\/\/butterfly-editions.com\/index.php\/la-societe\/cookies\/","title":{"rendered":"Information a propos des cookies"},"content":{"rendered":"<p>&nbsp;<\/p>\n<p><em>En poursuivant votre navigation sans modifier vos param\u00e8tres, vous acceptez l&rsquo;utilisation des cookies ou technologies similaires pour disposer de services et d&rsquo;offres adapt\u00e9s \u00e0 vos centres d&rsquo;int\u00e9r\u00eats ainsi que pour la s\u00e9curisation des transactions sur notre site.<\/em><\/p>\n<p>&nbsp;<\/p>\n<h2 class=\"surtitre_17_actualite\">Refus des cookies<\/h2>\n<div>\n<p class=\"texte_noir_12\">Vous \u00eates libre d&rsquo;accepter ou de refuser les cookies en configurant votre navigateur (d\u00e9sactivation de tout ou partie des cookies &#8211; voir manuel de votre navigateur Web ou fonction d&rsquo;aide).<\/p>\n<p class=\"texte_noir_12\">La d\u00e9sactivation des cookies peut entra\u00eener l\u2019indisponibilit\u00e9 de certains services auxquels ils sont associ\u00e9s. Elle n&#8217;emp\u00eache pas l&rsquo;acc\u00e8s aux espaces non-r\u00e9serv\u00e9s du site.<\/p>\n<p class=\"texte_noir_12\">Par ailleurs, nous gardons trace des connexions \u00e0 nos sites, et notamment de leur origine. Cette utilisation est faite \u00e0 des fins d&rsquo;analyses statistiques. Les donn\u00e9es correspondantes ne comportent pas de donn\u00e9es personnelles, et sont d\u00e9truites apr\u00e8s usage.<\/p>\n<\/div>\n","protected":false},"excerpt":{"rendered":"<p>&nbsp; En poursuivant votre navigation sans modifier vos param\u00e8tres, vous acceptez l&rsquo;utilisation des cookies ou technologies similaires pour disposer de services et d&rsquo;offres adapt\u00e9s \u00e0 vos centres d&rsquo;int\u00e9r\u00eats ainsi que pour la s\u00e9curisation des transactions sur notre site. &nbsp; Refus des cookies Vous \u00eates libre d&rsquo;accepter ou de refuser les cookies en configurant votre navigateur [&hellip;]<\/p>\n","protected":false},"author":1,"featured_media":0,"parent":31,"menu_order":0,"comment_status":"closed","ping_status":"closed","template":"","meta":{"_acf_changed":false,"content-type":"","footnotes":""},"class_list":["post-103","page","type-page","status-publish","hentry"],"blocksy_meta":[],"acf":[],"aioseo_notices":[],"_links":{"self":[{"href":"https:\/\/butterfly-editions.com\/index.php\/wp-json\/wp\/v2\/pages\/103","targetHints":{"allow":["GET"]}}],"collection":[{"href":"https:\/\/butterfly-editions.com\/index.php\/wp-json\/wp\/v2\/pages"}],"about":[{"href":"https:\/\/butterfly-editions.com\/index.php\/wp-json\/wp\/v2\/types\/page"}],"author":[{"embeddable":true,"href":"https:\/\/butterfly-editions.com\/index.php\/wp-json\/wp\/v2\/users\/1"}],"replies":[{"embeddable":true,"href":"https:\/\/butterfly-editions.com\/index.php\/wp-json\/wp\/v2\/comments?post=103"}],"version-history":[{"count":3,"href":"https:\/\/butterfly-editions.com\/index.php\/wp-json\/wp\/v2\/pages\/103\/revisions"}],"predecessor-version":[{"id":106,"href":"https:\/\/butterfly-editions.com\/index.php\/wp-json\/wp\/v2\/pages\/103\/revisions\/106"}],"up":[{"embeddable":true,"href":"https:\/\/butterfly-editions.com\/index.php\/wp-json\/wp\/v2\/pages\/31"}],"wp:attachment":[{"href":"https:\/\/butterfly-editions.com\/index.php\/wp-json\/wp\/v2\/media?parent=103"}],"curies":[{"name":"wp","href":"https:\/\/api.w.org\/{rel}","templated":true}]}}