{"id":10162,"date":"2026-01-30T09:52:30","date_gmt":"2026-01-30T08:52:30","guid":{"rendered":"https:\/\/butterfly-editions.com\/?page_id=10162"},"modified":"2026-02-02T15:11:58","modified_gmt":"2026-02-02T14:11:58","slug":"lequipe-editoriale","status":"publish","type":"page","link":"https:\/\/butterfly-editions.com\/index.php\/lequipe-editoriale\/","title":{"rendered":"L&rsquo;\u00e9quipe \u00e9ditoriale"},"content":{"rendered":"\n<p><em>Derri\u00e8re chaque roman Butterfly, il y a une \u00e9quipe passionn\u00e9e, exigeante et profond\u00e9ment attach\u00e9e aux histoires qu\u2019elle accompagne. Voici celles qui donnent vie aux manuscrits, des premi\u00e8res lignes jusqu&rsquo;au moment o\u00f9 vous d\u00e9couvrez ces histoires<\/em> <em>!<\/em><\/p>\n\n\n\n<figure class=\"wp-block-image aligncenter size-full is-resized is-style-rounded\"><img loading=\"lazy\" decoding=\"async\" width=\"1250\" height=\"625\" src=\"https:\/\/butterfly-editions.com\/wp-content\/uploads\/2026\/01\/3-1.png\" alt=\"\" class=\"wp-image-10166\" style=\"width:600px\" srcset=\"https:\/\/butterfly-editions.com\/wp-content\/uploads\/2026\/01\/3-1.png 1250w, https:\/\/butterfly-editions.com\/wp-content\/uploads\/2026\/01\/3-1-300x150.png 300w, https:\/\/butterfly-editions.com\/wp-content\/uploads\/2026\/01\/3-1-1024x512.png 1024w, https:\/\/butterfly-editions.com\/wp-content\/uploads\/2026\/01\/3-1-768x384.png 768w, https:\/\/butterfly-editions.com\/wp-content\/uploads\/2026\/01\/3-1-400x200.png 400w\" sizes=\"auto, (max-width: 1250px) 100vw, 1250px\" \/><\/figure>\n\n\n\n<div class=\"wp-block-columns is-not-stacked-on-mobile is-layout-flex wp-container-core-columns-is-layout-1 wp-block-columns-is-layout-flex\">\n<div class=\"wp-block-column is-layout-constrained wp-block-column-is-layout-constrained\" style=\"flex-basis:50%\">\n<p class=\"has-text-align-center\"><\/p>\n\n\n\n<figure class=\"wp-block-image size-large\"><img loading=\"lazy\" decoding=\"async\" width=\"1024\" height=\"512\" src=\"https:\/\/butterfly-editions.com\/wp-content\/uploads\/2026\/02\/Sarah-presentation-1024x512.png\" alt=\"\" class=\"wp-image-10277\" srcset=\"https:\/\/butterfly-editions.com\/wp-content\/uploads\/2026\/02\/Sarah-presentation-1024x512.png 1024w, https:\/\/butterfly-editions.com\/wp-content\/uploads\/2026\/02\/Sarah-presentation-300x150.png 300w, https:\/\/butterfly-editions.com\/wp-content\/uploads\/2026\/02\/Sarah-presentation-768x384.png 768w, https:\/\/butterfly-editions.com\/wp-content\/uploads\/2026\/02\/Sarah-presentation-400x200.png 400w, https:\/\/butterfly-editions.com\/wp-content\/uploads\/2026\/02\/Sarah-presentation.png 1250w\" sizes=\"auto, (max-width: 1024px) 100vw, 1024px\" \/><\/figure>\n\n\n\n<p class=\"has-text-align-center\"><\/p>\n<\/div>\n\n\n\n<div class=\"wp-block-column is-layout-constrained wp-block-column-is-layout-constrained\" style=\"flex-basis:50%\">\n<p><\/p>\n\n\n\n<p class=\"has-text-align-center\" style=\"font-size:0px\"><\/p>\n\n\n\n<p class=\"has-text-align-center\" style=\"font-size:0px\"><\/p>\n\n\n\n<p class=\"has-text-align-center\"><img loading=\"lazy\" decoding=\"async\" width=\"600\" height=\"300\" class=\"wp-image-10276\" style=\"width: 600px;\" src=\"https:\/\/butterfly-editions.com\/wp-content\/uploads\/2026\/02\/Marie-presentation.png\" alt=\"\" srcset=\"https:\/\/butterfly-editions.com\/wp-content\/uploads\/2026\/02\/Marie-presentation.png 1250w, https:\/\/butterfly-editions.com\/wp-content\/uploads\/2026\/02\/Marie-presentation-300x150.png 300w, https:\/\/butterfly-editions.com\/wp-content\/uploads\/2026\/02\/Marie-presentation-1024x512.png 1024w, https:\/\/butterfly-editions.com\/wp-content\/uploads\/2026\/02\/Marie-presentation-768x384.png 768w, https:\/\/butterfly-editions.com\/wp-content\/uploads\/2026\/02\/Marie-presentation-400x200.png 400w\" sizes=\"auto, (max-width: 600px) 100vw, 600px\" \/><\/p>\n\n\n\n<p><\/p>\n<\/div>\n<\/div>\n\n\n\n<figure class=\"wp-block-image aligncenter size-full is-resized is-style-default\"><img loading=\"lazy\" decoding=\"async\" width=\"1250\" height=\"625\" src=\"https:\/\/butterfly-editions.com\/wp-content\/uploads\/2026\/01\/Les-soutiens-1.png\" alt=\"\" class=\"wp-image-10232\" style=\"width:600px\" srcset=\"https:\/\/butterfly-editions.com\/wp-content\/uploads\/2026\/01\/Les-soutiens-1.png 1250w, https:\/\/butterfly-editions.com\/wp-content\/uploads\/2026\/01\/Les-soutiens-1-300x150.png 300w, https:\/\/butterfly-editions.com\/wp-content\/uploads\/2026\/01\/Les-soutiens-1-1024x512.png 1024w, https:\/\/butterfly-editions.com\/wp-content\/uploads\/2026\/01\/Les-soutiens-1-768x384.png 768w, https:\/\/butterfly-editions.com\/wp-content\/uploads\/2026\/01\/Les-soutiens-1-400x200.png 400w\" sizes=\"auto, (max-width: 1250px) 100vw, 1250px\" \/><\/figure>\n\n\n\n<p><\/p>\n","protected":false},"excerpt":{"rendered":"<p>Derri\u00e8re chaque roman Butterfly, il y a une \u00e9quipe passionn\u00e9e, exigeante et profond\u00e9ment attach\u00e9e aux histoires qu\u2019elle accompagne. Voici celles qui donnent vie aux manuscrits, des premi\u00e8res lignes jusqu&rsquo;au moment o\u00f9 vous d\u00e9couvrez ces histoires !<\/p>\n","protected":false},"author":10,"featured_media":0,"parent":0,"menu_order":0,"comment_status":"closed","ping_status":"closed","template":"","meta":{"_acf_changed":false,"content-type":"","footnotes":""},"class_list":["post-10162","page","type-page","status-publish","hentry"],"blocksy_meta":[],"acf":[],"aioseo_notices":[],"_links":{"self":[{"href":"https:\/\/butterfly-editions.com\/index.php\/wp-json\/wp\/v2\/pages\/10162","targetHints":{"allow":["GET"]}}],"collection":[{"href":"https:\/\/butterfly-editions.com\/index.php\/wp-json\/wp\/v2\/pages"}],"about":[{"href":"https:\/\/butterfly-editions.com\/index.php\/wp-json\/wp\/v2\/types\/page"}],"author":[{"embeddable":true,"href":"https:\/\/butterfly-editions.com\/index.php\/wp-json\/wp\/v2\/users\/10"}],"replies":[{"embeddable":true,"href":"https:\/\/butterfly-editions.com\/index.php\/wp-json\/wp\/v2\/comments?post=10162"}],"version-history":[{"count":8,"href":"https:\/\/butterfly-editions.com\/index.php\/wp-json\/wp\/v2\/pages\/10162\/revisions"}],"predecessor-version":[{"id":10278,"href":"https:\/\/butterfly-editions.com\/index.php\/wp-json\/wp\/v2\/pages\/10162\/revisions\/10278"}],"wp:attachment":[{"href":"https:\/\/butterfly-editions.com\/index.php\/wp-json\/wp\/v2\/media?parent=10162"}],"curies":[{"name":"wp","href":"https:\/\/api.w.org\/{rel}","templated":true}]}}